{"id":431,"date":"2026-02-24T12:28:14","date_gmt":"2026-02-24T12:28:14","guid":{"rendered":"http:\/\/localhost:8000\/?page_id=431"},"modified":"2026-03-20T22:30:58","modified_gmt":"2026-03-20T22:30:58","slug":"dr-abdulcabbar-boran","status":"publish","type":"page","link":"https:\/\/zwwa.de\/tr\/dr-abdulcabbar-boran\/","title":{"rendered":"Dr. Abdulcabbar Boran"},"content":{"rendered":"<p class=\"qtranxs-available-languages-message qtranxs-available-languages-message-tr\">Sorry, this entry is only available in <a href=\"https:\/\/zwwa.de\/de\/wp-json\/wp\/v2\/pages\/431\" class=\"qtranxs-available-language-link qtranxs-available-language-link-de\" title=\"Deutsch\">Deutsch<\/a>. For the sake of viewer convenience, the content is shown below in the alternative language. You may click the link to switch the active language.<\/p><div class=\"wpb-content-wrapper\"><p>[vc_row css=&#8221;.vc_custom_1772021231001{background-color: #F9F9F9 !important;}&#8221;][vc_column width=&#8221;1\/4&#8243;][vc_single_image image=&#8221;596&#8243; img_size=&#8221;full&#8221;][\/vc_column][vc_column width=&#8221;3\/4&#8243;][vc_custom_heading text=&#8221;Vereinsgr\u00fcnder und Vorsitzender von ZWWA e.V.&#8221; font_container=&#8221;tag:h2|text_align:left|color:%23A58F51&#8243; use_theme_fonts=&#8221;yes&#8221; css=&#8221;&#8221;][vc_column_text css=&#8221;&#8221;]<\/p>\n<h5>Dr. Abdulcabbar Boran ist Physiker, Autor, Lehrer und Gr\u00fcnder der zivilgesellschaftlichen Initiative Zivilisation Weisheit Wohlt\u00e4tigkeit Aufschwung e.V. (ZWWA e.V.). Als Vorsitzender des Vereins steht er f\u00fcr eine Haltung, die wissenschaftliche Erkenntnis, ethische Verantwortung und geistige Orientierung miteinander verbindet.<\/h5>\n<h5>Sein Engagement ist von der \u00dcberzeugung gepr\u00e4gt, dass echter Fortschritt nicht allein durch technische oder wissenschaftliche Entwicklungen bestimmt wird, sondern ebenso durch Menschlichkeit, moralische Verantwortung und den Einsatz f\u00fcr Frieden und gesellschaftlichen Zusammenhalt.<\/h5>\n<p>[\/vc_column_text][\/vc_column][\/vc_row][vc_row][vc_column][vc_custom_heading text=&#8221;Wissenschaftlicher Werdegang&#8221; font_container=&#8221;tag:h2|text_align:left|color:%23A58F51&#8243; use_theme_fonts=&#8221;yes&#8221; css=&#8221;&#8221;][vc_column_text css=&#8221;&#8221;]<\/p>\n<h5>Dr. Abdulcabbar Boran wurde 1952 in Mardin (T\u00fcrkei) geboren. Er studierte Physik an der Universit\u00e4t Ankara und absolvierte anschlie\u00dfend sein Masterstudium am Nuklearforschungszentrum Ankara. Seine Promotion widmete er den grundlegenden physikalischen Gesetzen von Energie, Materie und Geschwindigkeit.<\/h5>\n<h5>\u00dcber mehr als 25 Jahre war er in leitenden Positionen im Bereich der Kernenergie t\u00e4tig. Im Rahmen internationaler Fortbildungsprogramme nahm er zudem an wissenschaftlichen Seminaren und Fachschulungen in verschiedenen europ\u00e4ischen L\u00e4ndern teil. Sein beruflicher Weg ist gepr\u00e4gt von analytischem Denken, wissenschaftlicher Disziplin und einem ausgepr\u00e4gten Verantwortungsbewusstsein gegen\u00fcber der gesellschaftlichen Bedeutung von Wissen und Technologie.<\/h5>\n<h5>Zus\u00e4tzlich ist er Rektor und Dozent an der Chesapeake University of Theology.<\/h5>\n<h5>Herr Dr. Boran ist der Pr\u00e4sident des ZWWA e.V.<\/h5>\n<h5>Seit 14 Jahren erreicht Herr Dr. Boran durch die Sendung \u201eJederzeit Koran, Jederzeit Gl\u00fcckseligkeit\u201c, welche sechs Tage die Woche live ausgestrahlt wird, ein breites Publikum. Sein Ansatz, die Verse einzeln auf den Bildschirm zu \u00fcbertragen und auf die Fragen einzugehen, unterscheidet ihn von anderen religi\u00f6sen Sendungen.<\/h5>\n<h5>Er hat zahlreiche Konferenzen in L\u00e4ndern wie der T\u00fcrkei, Deutschland, den USA, den Niederlanden, Belgien, der Schweiz, Frankreich, England, \u00d6sterreich, Bulgarien und Kanada organisiert.<\/h5>\n<h5>Ebenso verfasste er 9 B\u00fccher.<\/h5>\n<h5>Au\u00dferdem ist Herr Boran der Gr\u00fcnder und Chefredakteur der Zeitschrift \u201eLiebe ist Gl\u00fcckseligkeit.\u201c<\/h5>\n<h5>Seine Artikel erscheinen in verschiedenen Zeitungen, Zeitschriften und auf Websites. Besonders w\u00e4hrend des Fastenmonats Ramadan werden seine Sendungen auf zahlreichen lokalen und Satellitenkan\u00e4len in der T\u00fcrkei ausgestrahlt.<\/h5>\n<p>[\/vc_column_text][vc_custom_heading text=&#8221;Werteorientierung und Dialog&#8221; font_container=&#8221;tag:h2|text_align:left|color:%23A58F51&#8243; use_theme_fonts=&#8221;yes&#8221; css=&#8221;&#8221;][vc_column_text css=&#8221;&#8221;]<\/p>\n<h5>Neben seiner naturwissenschaftlichen Laufbahn besch\u00e4ftigte sich Dr. Boran \u00fcber viele Jahre intensiv mit Fragen der ethischen Entwicklung, theologischen Reflexion und geistlicher Bildung. Sein Denken ist von der \u00dcberzeugung getragen, dass die gro\u00dfen monotheistischen Religionen, Thora, Bibel und Koran, in ihren grundlegenden ethischen Werten miteinander verbunden sind.<\/h5>\n<h5>Werte wie Liebe, Gerechtigkeit, Verantwortung, Barmherzigkeit und Frieden bilden aus seiner Sicht eine gemeinsame Grundlage f\u00fcr ein respektvolles und menschenw\u00fcrdiges Zusammenleben.<\/h5>\n<h5>Sein Ansatz ist dialogorientiert, interkulturell und interreligi\u00f6s. Im Mittelpunkt stehen Verst\u00e4ndigung, gegenseitiger Respekt und die Achtung der unver\u00e4u\u00dferlichen W\u00fcrde jedes Menschen.<\/h5>\n<p>[\/vc_column_text][vc_custom_heading text=&#8221;Leitgedanke&#8221; font_container=&#8221;tag:h2|text_align:left|color:%23A58F51&#8243; use_theme_fonts=&#8221;yes&#8221; css=&#8221;&#8221;][vc_column_text css=&#8221;&#8221;]<\/p>\n<h5>Ein Gedanke pr\u00e4gt das Wirken von Dr. Abdulcabbar Boran in besonderer Weise:<\/h5>\n<h5>\u201eZuerst im Einzelnen, dann in der Welt.\u201c<\/h5>\n<h5>Dieser Leitsatz bringt seine \u00dcberzeugung zum Ausdruck, dass nachhaltiger Frieden dort beginnt, wo Menschen innere Reife, moralische Verantwortung und Mitmenschlichkeit entwickeln.<\/h5>\n<p>[\/vc_column_text][\/vc_column][\/vc_row]<\/p>\n<\/div>","protected":false},"excerpt":{"rendered":"<p>Sorry, this entry is only available in Deutsch. For the sake of viewer convenience, the content is shown below in the alternative language. You may click<span class=\"excerpt-hellip\"> [\u2026]<\/span><\/p>\n","protected":false},"author":1,"featured_media":-1,"parent":0,"menu_order":0,"comment_status":"closed","ping_status":"closed","template":"","meta":{"footnotes":""},"class_list":["post-431","page","type-page","status-publish","has-post-thumbnail","hentry"],"_links":{"self":[{"href":"https:\/\/zwwa.de\/tr\/wp-json\/wp\/v2\/pages\/431","targetHints":{"allow":["GET"]}}],"collection":[{"href":"https:\/\/zwwa.de\/tr\/wp-json\/wp\/v2\/pages"}],"about":[{"href":"https:\/\/zwwa.de\/tr\/wp-json\/wp\/v2\/types\/page"}],"author":[{"embeddable":true,"href":"https:\/\/zwwa.de\/tr\/wp-json\/wp\/v2\/users\/1"}],"replies":[{"embeddable":true,"href":"https:\/\/zwwa.de\/tr\/wp-json\/wp\/v2\/comments?post=431"}],"version-history":[{"count":8,"href":"https:\/\/zwwa.de\/tr\/wp-json\/wp\/v2\/pages\/431\/revisions"}],"predecessor-version":[{"id":824,"href":"https:\/\/zwwa.de\/tr\/wp-json\/wp\/v2\/pages\/431\/revisions\/824"}],"wp:featuredmedia":[{"embeddable":true,"href":"https:\/\/zwwa.de\/tr\/wp-json\/"}],"wp:attachment":[{"href":"https:\/\/zwwa.de\/tr\/wp-json\/wp\/v2\/media?parent=431"}],"curies":[{"name":"wp","href":"https:\/\/api.w.org\/{rel}","templated":true}]}}