{"id":9,"date":"2020-10-15T08:03:05","date_gmt":"2020-10-15T08:03:05","guid":{"rendered":"http:\/\/localhost:8000\/?page_id=9"},"modified":"2026-04-15T18:41:41","modified_gmt":"2026-04-15T18:41:41","slug":"startseite","status":"publish","type":"page","link":"https:\/\/zwwa.de\/de\/","title":{"rendered":"Startseite"},"content":{"rendered":"<div class=\"wpb-content-wrapper\"><p>[vc_row][vc_column]\n\t\t\t\t<p class=\"rs-p-wp-fix\"><\/p>\n\t\t\t\t<sr7-module data-alias=\"main-de\" data-id=\"2\" id=\"SR7_2_3\" class=\"rs-ov-hidden\" data-version=\"6.7.40\">\n\t\t\t\t\t<sr7-adjuster><\/sr7-adjuster>\n\t\t\t\t\t<sr7-content>\n\t\t\t\t\t\t<sr7-slide id=\"SR7_2_3-11\" data-key=\"11\">\n\t\t\t\t\t\t\t<sr7-txt id=\"SR7_2_3-11-4\" class=\"sr7-layer\">Ein Gott. <br \/>\nViele Wege. <br \/>\nEine Menschheit.<br \/>\n<\/sr7-txt>\n\t\t\t\t\t\t\t<sr7-txt id=\"SR7_2_3-11-5\" class=\"sr7-layer\">Dialog zwischen Religionen.<\/sr7-txt>\n\t\t\t\t\t\t<\/sr7-slide>\n\t\t\t\t\t\t<sr7-slide id=\"SR7_2_3-12\" data-key=\"12\">\n\t\t\t\t\t\t\t<sr7-txt id=\"SR7_2_3-12-4\" class=\"sr7-layer\">Der Weg beginnt im Herzen<br \/>\n<\/sr7-txt>\n\t\t\t\t\t\t\t<sr7-txt id=\"SR7_2_3-12-5\" class=\"sr7-layer\">Wenn der Mensch sich von Herzen w\u00fcnscht,<br \/>\nzu Gott zur\u00fcckzukehren, beginnt der innere Wandel.<br \/>\n<\/sr7-txt>\n\t\t\t\t\t\t<\/sr7-slide>\n\t\t\t\t\t\t<sr7-slide id=\"SR7_2_3-13\" data-key=\"13\">\n\t\t\t\t\t\t\t<sr7-txt id=\"SR7_2_3-13-4\" class=\"sr7-layer\">Jeder Mensch <br \/>\nist willkommen.<br \/>\n<\/sr7-txt>\n\t\t\t\t\t\t\t<sr7-txt id=\"SR7_2_3-13-5\" class=\"sr7-layer\">Unabh\u00e4ngig von Religion, Herkunft oder Weltanschauung.<br \/>\n<br \/>\n<\/sr7-txt>\n\t\t\t\t\t\t<\/sr7-slide>\n\t\t\t\t\t\t<sr7-slide id=\"SR7_2_3-14\" data-key=\"14\">\n\t\t\t\t\t\t\t<sr7-txt id=\"SR7_2_3-14-4\" class=\"sr7-layer\">Zivilisation. Weisheit. Wohlt\u00e4tigkeit. Aufschwung.<br \/>\n<\/sr7-txt>\n\t\t\t\t\t\t\t<sr7-txt id=\"SR7_2_3-14-5\" class=\"sr7-layer\">Wir f\u00f6rdern Dialog zwischen Menschen, Religionen und Kulturen.<br \/>\n<br \/>\n<br \/>\n<\/sr7-txt>\n\t\t\t\t\t\t<\/sr7-slide>\n\t\t\t\t\t\t<sr7-slide id=\"SR7_2_3-15\" data-key=\"15\">\n\t\t\t\t\t\t\t<sr7-txt id=\"SR7_2_3-15-4\" class=\"sr7-layer\">Unsere Welt ist verbunden \u2013<br \/>\naber oft innerlich getrennt.<br \/>\n<br \/>\n<\/sr7-txt>\n\t\t\t\t\t\t\t<sr7-txt id=\"SR7_2_3-15-5\" class=\"sr7-layer\">Dialog statt Spaltung.<br \/>\n<br \/>\n<br \/>\n<\/sr7-txt>\n\t\t\t\t\t\t<\/sr7-slide>\n\t\t\t\t\t\t<sr7-slide id=\"SR7_2_3-9\" data-key=\"9\">\n\t\t\t\t\t\t<\/sr7-slide>\n\t\t\t\t\t<\/sr7-content>\n\t\t\t\t\t<image_lists style=\"display:none\">\n\t\t\t\t\t\t<img data-src=\"\/\/zwwa.de\/wp-content\/uploads\/2026\/03\/einGott.jpg\" data-libid=\"794\" data-lib=\"medialibrary\" title=\"einGott\" width=\"0\" height=\"0\" data-dbsrc=\"Ly96d3dhLmRlL3dwLWNvbnRlbnQvdXBsb2Fkcy8yMDI2LzAzL2VpbkdvdHQuanBn\"\/>\n\t\t\t\t\t\t<img data-src=\"\/\/zwwa.de\/wp-content\/uploads\/2026\/03\/DerWeg.jpg\" data-libid=\"793\" data-lib=\"medialibrary\" title=\"DerWeg\" width=\"0\" height=\"0\" data-dbsrc=\"Ly96d3dhLmRlL3dwLWNvbnRlbnQvdXBsb2Fkcy8yMDI2LzAzL0RlcldlZy5qcGc=\"\/>\n\t\t\t\t\t\t<img data-src=\"\/\/zwwa.de\/wp-content\/uploads\/2026\/03\/JederMensch.jpg\" data-libid=\"790\" data-lib=\"medialibrary\" title=\"JederMensch\" width=\"0\" height=\"0\" data-dbsrc=\"Ly96d3dhLmRlL3dwLWNvbnRlbnQvdXBsb2Fkcy8yMDI2LzAzL0plZGVyTWVuc2NoLmpwZw==\"\/>\n\t\t\t\t\t\t<img data-src=\"\/\/zwwa.de\/wp-content\/uploads\/2026\/03\/ZWWA.jpg\" data-libid=\"791\" data-lib=\"medialibrary\" title=\"ZWWA\" width=\"0\" height=\"0\" data-dbsrc=\"Ly96d3dhLmRlL3dwLWNvbnRlbnQvdXBsb2Fkcy8yMDI2LzAzL1pXV0EuanBn\"\/>\n\t\t\t\t\t\t<img data-src=\"\/\/zwwa.de\/wp-content\/uploads\/2026\/03\/unsereWelt.jpg\" data-libid=\"792\" data-lib=\"medialibrary\" title=\"unsereWelt\" width=\"0\" height=\"0\" data-dbsrc=\"Ly96d3dhLmRlL3dwLWNvbnRlbnQvdXBsb2Fkcy8yMDI2LzAzL3Vuc2VyZVdlbHQuanBn\"\/>\n\t\t\t\t\t<\/image_lists>\n\t\t\t\t<\/sr7-module>\n\t\t\t\t<script>\n\t\t\t\t\tSR7.PMH ??={}; SR7.PMH[\"SR7_2_3\"] = {cn:100,state:false,fn: function() { if (_tpt!==undefined && _tpt.prepareModuleHeight !== undefined) {  _tpt.prepareModuleHeight({id:\"SR7_2_3\",el:[700,700,768,768,720],type:'standard',shdw:'0',gh:[700,700,768,768,720],gw:[1240,1240,1024,1024,480],vpt:['-200px&#039;,&#039;-200px&#039;,&#039;-200px&#039;,&#039;-200px&#039;,&#039;-200px'],size:{fullWidth:false, fullHeight:false},mh:'0',onh:0,onw:0,bg:{color:'{\"orig\":\"transparent\",\"type\":\"solid\",\"string\":\"transparent\"}'}});   SR7.PMH[\"SR7_2_3\"].state=true;} else if(SR7.PMH[\"SR7_2_3\"].cn-->0)\tsetTimeout( SR7.PMH[\"SR7_2_3\"].fn,19);}};SR7.PMH[\"SR7_2_3\" ].fn();\n\t\t\t\t<\/script>\n[vc_empty_space height=&#8220;12px&#8220;][\/vc_column][\/vc_row][vc_row][vc_column][vc_row_inner][vc_column_inner][vc_column_text css=&#8220;&#8220;]<\/p>\n<h3 data-section-id=\"1a4pe9e\" data-start=\"49\" data-end=\"76\">Willkommen bei ZWWA e.V.<\/h3>\n<p data-start=\"78\" data-end=\"128\"><strong data-start=\"78\" data-end=\"128\">F\u00fcr Frieden, W\u00fcrde und Begegnung auf Augenh\u00f6he<\/strong><\/p>\n<p data-start=\"130\" data-end=\"274\">In einer Zeit, die nach Orientierung, Zusammenhalt und Frieden verlangt, m\u00f6chten wir R\u00e4ume f\u00fcr Begegnung, Bildung und menschliche N\u00e4he schaffen.<\/p>\n<p data-start=\"276\" data-end=\"481\">ZWWA e.V. setzt sich daf\u00fcr ein, Menschen unterschiedlicher Religionen, Kulturen und Lebenswelten miteinander in Verbindung zu bringen, in Respekt, Wertsch\u00e4tzung und im Geist eines friedlichen Miteinanders.<\/p>\n<p data-start=\"483\" data-end=\"697\">Als Verein im interreligi\u00f6sen Dialog verbinden wir geistliche Tiefe mit gesellschaftlicher Verantwortung. Unser Ziel ist es, eine Kultur des Respekts, der Gerechtigkeit und des aufrichtigen Miteinanders zu st\u00e4rken.<\/p>\n<p data-start=\"699\" data-end=\"883\">Wir verstehen uns als ein Ort des interreligi\u00f6sen Dialogs f\u00fcr alle Menschen, die Orientierung, Gerechtigkeit, Verbundenheit und echte Begegnung suchen.<\/p>\n<p data-start=\"885\" data-end=\"1020\">Unser Anliegen ist es, Menschen nicht nebeneinander, sondern miteinander in Beziehung zu bringen, achtsam, w\u00fcrdevoll und auf Augenh\u00f6he.<\/p>\n<p data-start=\"1022\" data-end=\"1051\">F\u00fcr uns gilt mit \u00dcberzeugung:<\/p>\n<p data-start=\"1053\" data-end=\"1085\" data-is-last-node=\"\" data-is-only-node=\"\"><strong data-start=\"1053\" data-end=\"1085\" data-is-last-node=\"\">Jeder Mensch ist willkommen.<\/strong><\/p>\n<p>[\/vc_column_text][\/vc_column_inner][\/vc_row_inner][\/vc_column][\/vc_row][vc_row][vc_column width=&#8220;1\/3&#8243;][vc_video link=&#8220;https:\/\/youtu.be\/ZWSTHBq4A-8&#8243; css=&#8220;&#8220;][\/vc_column][vc_column width=&#8220;1\/3&#8243;][vc_video link=&#8220;https:\/\/youtu.be\/Ze37-sTl468&#8243; css=&#8220;&#8220;][\/vc_column][vc_column width=&#8220;1\/3&#8243;][vc_video link=&#8220;https:\/\/youtu.be\/O4TtC3Rtcew&#8220; css=&#8220;&#8220;][\/vc_column][\/vc_row][vc_row full_width=&#8220;stretch_row&#8220; css=&#8220;.vc_custom_1773264479420{background-color: #ECECEC !important;border-radius: 1px !important;border-color: #2A2A2A !important;}&#8220;][vc_column][vc_custom_heading text=&#8220;Aktuelles&#8220; font_container=&#8220;tag:h3|text_align:center|line_height:3&#8243; use_theme_fonts=&#8220;yes&#8220; css=&#8220;&#8220;][vc_basic_grid post_type=&#8220;post&#8220; max_items=&#8220;4&#8243; element_width=&#8220;3&#8243; item=&#8220;677&#8243; initial_loading_animation=&#8220;none&#8220; css=&#8220;&#8220; grid_id=&#8220;vc_gid:1775386420568-4ed8c264-7c02-9&#8243; taxonomies=&#8220;3&#8243;][\/vc_column][\/vc_row][vc_row][vc_column width=&#8220;1\/3&#8243;][vc_single_image image=&#8220;474&#8243; img_size=&#8220;500&#215;200&#8243; style=&#8220;vc_box_rounded&#8220; css=&#8220;&#8220;][\/vc_column][vc_column width=&#8220;1\/3&#8243;][vc_single_image image=&#8220;475&#8243; img_size=&#8220;500&#215;200&#8243; style=&#8220;vc_box_rounded&#8220; css=&#8220;&#8220;][\/vc_column][vc_column width=&#8220;1\/3&#8243;][vc_single_image image=&#8220;476&#8243; img_size=&#8220;500&#215;200&#8243; style=&#8220;vc_box_rounded&#8220; css=&#8220;&#8220;][\/vc_column][\/vc_row][vc_row full_width=&#8220;stretch_row&#8220; css=&#8220;.vc_custom_1773264488437{background-color: #ECECEC !important;border-radius: 1px !important;border-color: #2A2A2A !important;}&#8220;][vc_column][vc_custom_heading text=&#8220;B\u00fccher&#8220; font_container=&#8220;tag:h3|text_align:center|line_height:3&#8243; use_theme_fonts=&#8220;yes&#8220; css=&#8220;&#8220;]\n\t\t<div id=\"gs_book_area_1\" class=\"wrap gs_bookshowcase_area view_type_slider gs-book--img-efect_none gs-book--img-hover-efect_none style-01 carousel--has-dots dot--style-04 carousel--has-navs nav--style-01 carousel-navs-pos--center-outside\" data-slider-settings='{\"speed\":1100,\"isAutoplay\":false,\"autoplay_delay\":5000,\"loop\":false,\"pause_on_hover\":false,\"navs\":true,\"dots\":true,\"desktop_columns\":2,\"tablet_columns\":4,\"mobile_columns\":6,\"columns_small_mobile\":12,\"carousel_navs_style\":\"nav--style-01\",\"carousel_dots_style\":\"dot--style-04\",\"gsb_navs_pos\":\"carousel-navs-pos--center-outside\",\"reverseDirection\":false,\"slidesPerGroup\":1}' data-options='\"\"'>\n\t\t\t<div class=\"gs-containeer\">\n\t\t\t\t\t\t\t\t<div class=\"gs-roow clearfix gs_bookshowcase\">\t\t\t\t\n\t\t\t\t\t\n\t\t\t\t\t\n\t\t<div class=\"gs-col-lg-2_4 gs-col-md-4 gs-col-sm-6 gs-col-xs-12\">\n\n\t\t\t<div class=\"single-bookshowcase\">\n\n\t\t\t\t<div class=\"gsb-cover-wrapper\">\n\t\t\t\t\t<a class=\"\" href=\"https:\/\/zwwa.de\/de\/buchers\/die-28-stufen-des-edlen-korans-anhand-der-verse-und-den-uberlieferungen-band-1\/\"><div class=\"gsbooks--book-thumb\"><img loading=\"lazy\" decoding=\"async\" width=\"750\" height=\"1200\" src=\"https:\/\/zwwa.de\/wp-content\/uploads\/2026\/02\/182128_basamak_6_kitap_ALMANCA-1-min-1-750x1200.jpg\" class=\"gs_book--image skip-lazy\" alt=\"DIE 28 STUFEN DES EDLEN KORANS ANHAND DER VERSE UND DEN \u00dcBERLIEFERUNGEN BAND 1\" itemprop=\"image\" srcset=\"https:\/\/zwwa.de\/wp-content\/uploads\/2026\/02\/182128_basamak_6_kitap_ALMANCA-1-min-1-750x1200.jpg 750w, https:\/\/zwwa.de\/wp-content\/uploads\/2026\/02\/182128_basamak_6_kitap_ALMANCA-1-min-1-313x500.jpg 313w, https:\/\/zwwa.de\/wp-content\/uploads\/2026\/02\/182128_basamak_6_kitap_ALMANCA-1-min-1-188x300.jpg 188w, https:\/\/zwwa.de\/wp-content\/uploads\/2026\/02\/182128_basamak_6_kitap_ALMANCA-1-min-1-768x1229.jpg 768w, https:\/\/zwwa.de\/wp-content\/uploads\/2026\/02\/182128_basamak_6_kitap_ALMANCA-1-min-1-47x75.jpg 47w, https:\/\/zwwa.de\/wp-content\/uploads\/2026\/02\/182128_basamak_6_kitap_ALMANCA-1-min-1-480x768.jpg 480w, https:\/\/zwwa.de\/wp-content\/uploads\/2026\/02\/182128_basamak_6_kitap_ALMANCA-1-min-1.jpg 800w\" sizes=\"auto, (max-width:767px) 480px, 750px\" \/><\/div><\/a>\t\t\t\t<\/div>\n\n\t\t\t\t<div class=\"gsb-book-info-wrapper\">\n\n\t\t\t\t\t\n\t\t\t\t\t\n\t\t\t\t\t<div class=\"gsb-book-info\">\n\n\t\t\t\t\t\t\n\t\t\t\t\t<\/div>\n\n\t\t\t\t<\/div>\n\n\t\t\t<\/div>\n\n\t\t\t\n\t\t<\/div>\n\n\n\t\t<div class=\"gs-col-lg-2_4 gs-col-md-4 gs-col-sm-6 gs-col-xs-12\">\n\n\t\t\t<div class=\"single-bookshowcase\">\n\n\t\t\t\t<div class=\"gsb-cover-wrapper\">\n\t\t\t\t\t<a class=\"\" href=\"https:\/\/zwwa.de\/de\/buchers\/liebe-ist-gluckseligkeit-2\/\"><div class=\"gsbooks--book-thumb\"><img loading=\"lazy\" decoding=\"async\" width=\"750\" height=\"1200\" src=\"https:\/\/zwwa.de\/wp-content\/uploads\/2026\/02\/1818ausgabe2-1-750x1200.jpg\" class=\"gs_book--image skip-lazy\" alt=\"LIEBE IST GL\u00dcCKSELIGKEIT 2\" itemprop=\"image\" srcset=\"https:\/\/zwwa.de\/wp-content\/uploads\/2026\/02\/1818ausgabe2-1-750x1200.jpg 750w, https:\/\/zwwa.de\/wp-content\/uploads\/2026\/02\/1818ausgabe2-1-313x500.jpg 313w, https:\/\/zwwa.de\/wp-content\/uploads\/2026\/02\/1818ausgabe2-1-188x300.jpg 188w, https:\/\/zwwa.de\/wp-content\/uploads\/2026\/02\/1818ausgabe2-1-768x1229.jpg 768w, https:\/\/zwwa.de\/wp-content\/uploads\/2026\/02\/1818ausgabe2-1-47x75.jpg 47w, https:\/\/zwwa.de\/wp-content\/uploads\/2026\/02\/1818ausgabe2-1-480x768.jpg 480w, https:\/\/zwwa.de\/wp-content\/uploads\/2026\/02\/1818ausgabe2-1.jpg 800w\" sizes=\"auto, (max-width:767px) 480px, 750px\" \/><\/div><\/a>\t\t\t\t<\/div>\n\n\t\t\t\t<div class=\"gsb-book-info-wrapper\">\n\n\t\t\t\t\t\n\t\t\t\t\t\n\t\t\t\t\t<div class=\"gsb-book-info\">\n\n\t\t\t\t\t\t\n\t\t\t\t\t<\/div>\n\n\t\t\t\t<\/div>\n\n\t\t\t<\/div>\n\n\t\t\t\n\t\t<\/div>\n\n\n\t\t<div class=\"gs-col-lg-2_4 gs-col-md-4 gs-col-sm-6 gs-col-xs-12\">\n\n\t\t\t<div class=\"single-bookshowcase\">\n\n\t\t\t\t<div class=\"gsb-cover-wrapper\">\n\t\t\t\t\t<a class=\"\" href=\"https:\/\/zwwa.de\/de\/buchers\/das-rituelle-bittgebet\/\"><div class=\"gsbooks--book-thumb\"><img loading=\"lazy\" decoding=\"async\" width=\"750\" height=\"1200\" src=\"https:\/\/zwwa.de\/wp-content\/uploads\/2026\/02\/18192-1-750x1200.jpg\" class=\"gs_book--image skip-lazy\" alt=\"DAS RITUELLE BITTGEBET\" itemprop=\"image\" srcset=\"https:\/\/zwwa.de\/wp-content\/uploads\/2026\/02\/18192-1-750x1200.jpg 750w, https:\/\/zwwa.de\/wp-content\/uploads\/2026\/02\/18192-1-313x500.jpg 313w, https:\/\/zwwa.de\/wp-content\/uploads\/2026\/02\/18192-1-188x300.jpg 188w, https:\/\/zwwa.de\/wp-content\/uploads\/2026\/02\/18192-1-768x1229.jpg 768w, https:\/\/zwwa.de\/wp-content\/uploads\/2026\/02\/18192-1-47x75.jpg 47w, https:\/\/zwwa.de\/wp-content\/uploads\/2026\/02\/18192-1-480x768.jpg 480w, https:\/\/zwwa.de\/wp-content\/uploads\/2026\/02\/18192-1.jpg 800w\" sizes=\"auto, (max-width:767px) 480px, 750px\" \/><\/div><\/a>\t\t\t\t<\/div>\n\n\t\t\t\t<div class=\"gsb-book-info-wrapper\">\n\n\t\t\t\t\t\n\t\t\t\t\t\n\t\t\t\t\t<div class=\"gsb-book-info\">\n\n\t\t\t\t\t\t\n\t\t\t\t\t<\/div>\n\n\t\t\t\t<\/div>\n\n\t\t\t<\/div>\n\n\t\t\t\n\t\t<\/div>\n\n\n\t\t<div class=\"gs-col-lg-2_4 gs-col-md-4 gs-col-sm-6 gs-col-xs-12\">\n\n\t\t\t<div class=\"single-bookshowcase\">\n\n\t\t\t\t<div class=\"gsb-cover-wrapper\">\n\t\t\t\t\t<a class=\"\" href=\"https:\/\/zwwa.de\/de\/buchers\/nur-ein-wunsch\/\"><div class=\"gsbooks--book-thumb\"><img loading=\"lazy\" decoding=\"async\" width=\"750\" height=\"1200\" src=\"https:\/\/zwwa.de\/wp-content\/uploads\/2026\/02\/18203-1-750x1200.jpg\" class=\"gs_book--image skip-lazy\" alt=\"NUR EIN WUNSCH\" itemprop=\"image\" srcset=\"https:\/\/zwwa.de\/wp-content\/uploads\/2026\/02\/18203-1-750x1200.jpg 750w, https:\/\/zwwa.de\/wp-content\/uploads\/2026\/02\/18203-1-313x500.jpg 313w, https:\/\/zwwa.de\/wp-content\/uploads\/2026\/02\/18203-1-188x300.jpg 188w, https:\/\/zwwa.de\/wp-content\/uploads\/2026\/02\/18203-1-768x1229.jpg 768w, https:\/\/zwwa.de\/wp-content\/uploads\/2026\/02\/18203-1-47x75.jpg 47w, https:\/\/zwwa.de\/wp-content\/uploads\/2026\/02\/18203-1-480x768.jpg 480w, https:\/\/zwwa.de\/wp-content\/uploads\/2026\/02\/18203-1.jpg 800w\" sizes=\"auto, (max-width:767px) 480px, 750px\" \/><\/div><\/a>\t\t\t\t<\/div>\n\n\t\t\t\t<div class=\"gsb-book-info-wrapper\">\n\n\t\t\t\t\t\n\t\t\t\t\t\n\t\t\t\t\t<div class=\"gsb-book-info\">\n\n\t\t\t\t\t\t\n\t\t\t\t\t<\/div>\n\n\t\t\t\t<\/div>\n\n\t\t\t<\/div>\n\n\t\t\t\n\t\t<\/div>\n\n\n\t\t<div class=\"gs-col-lg-2_4 gs-col-md-4 gs-col-sm-6 gs-col-xs-12\">\n\n\t\t\t<div class=\"single-bookshowcase\">\n\n\t\t\t\t<div class=\"gsb-cover-wrapper\">\n\t\t\t\t\t<a class=\"\" href=\"https:\/\/zwwa.de\/de\/buchers\/das-zeitalter-der-bekehrung\/\"><div class=\"gsbooks--book-thumb\"><img loading=\"lazy\" decoding=\"async\" width=\"750\" height=\"1200\" src=\"https:\/\/zwwa.de\/wp-content\/uploads\/2026\/02\/1818HIDAYET-CAGI-3D-Almanca-min-750x1200.jpg\" class=\"gs_book--image skip-lazy\" alt=\"DAS ZEITALTER DER BEKEHRUNG\" itemprop=\"image\" srcset=\"https:\/\/zwwa.de\/wp-content\/uploads\/2026\/02\/1818HIDAYET-CAGI-3D-Almanca-min-750x1200.jpg 750w, https:\/\/zwwa.de\/wp-content\/uploads\/2026\/02\/1818HIDAYET-CAGI-3D-Almanca-min-313x500.jpg 313w, https:\/\/zwwa.de\/wp-content\/uploads\/2026\/02\/1818HIDAYET-CAGI-3D-Almanca-min-188x300.jpg 188w, https:\/\/zwwa.de\/wp-content\/uploads\/2026\/02\/1818HIDAYET-CAGI-3D-Almanca-min-768x1229.jpg 768w, https:\/\/zwwa.de\/wp-content\/uploads\/2026\/02\/1818HIDAYET-CAGI-3D-Almanca-min-47x75.jpg 47w, https:\/\/zwwa.de\/wp-content\/uploads\/2026\/02\/1818HIDAYET-CAGI-3D-Almanca-min-480x768.jpg 480w, https:\/\/zwwa.de\/wp-content\/uploads\/2026\/02\/1818HIDAYET-CAGI-3D-Almanca-min.jpg 800w\" sizes=\"auto, (max-width:767px) 480px, 750px\" \/><\/div><\/a>\t\t\t\t<\/div>\n\n\t\t\t\t<div class=\"gsb-book-info-wrapper\">\n\n\t\t\t\t\t\n\t\t\t\t\t\n\t\t\t\t\t<div class=\"gsb-book-info\">\n\n\t\t\t\t\t\t\n\t\t\t\t\t<\/div>\n\n\t\t\t\t<\/div>\n\n\t\t\t<\/div>\n\n\t\t\t\n\t\t<\/div>\n\n\n\t\t<div class=\"gs-col-lg-2_4 gs-col-md-4 gs-col-sm-6 gs-col-xs-12\">\n\n\t\t\t<div class=\"single-bookshowcase\">\n\n\t\t\t\t<div class=\"gsb-cover-wrapper\">\n\t\t\t\t\t<a class=\"\" href=\"https:\/\/zwwa.de\/de\/buchers\/dr-abdulcabbar-boran\/\"><div class=\"gsbooks--book-thumb\"><img loading=\"lazy\" decoding=\"async\" width=\"720\" height=\"1152\" src=\"https:\/\/zwwa.de\/wp-content\/uploads\/2026\/02\/1556Dr.Abdulcabbar-Boran.jpg\" class=\"gs_book--image skip-lazy\" alt=\"DR. ABDULCABBAR BORAN\" itemprop=\"image\" srcset=\"https:\/\/zwwa.de\/wp-content\/uploads\/2026\/02\/1556Dr.Abdulcabbar-Boran.jpg 720w, https:\/\/zwwa.de\/wp-content\/uploads\/2026\/02\/1556Dr.Abdulcabbar-Boran-313x500.jpg 313w, https:\/\/zwwa.de\/wp-content\/uploads\/2026\/02\/1556Dr.Abdulcabbar-Boran-188x300.jpg 188w, https:\/\/zwwa.de\/wp-content\/uploads\/2026\/02\/1556Dr.Abdulcabbar-Boran-47x75.jpg 47w, https:\/\/zwwa.de\/wp-content\/uploads\/2026\/02\/1556Dr.Abdulcabbar-Boran-480x768.jpg 480w\" sizes=\"auto, (max-width:767px) 480px, 720px\" \/><\/div><\/a>\t\t\t\t<\/div>\n\n\t\t\t\t<div class=\"gsb-book-info-wrapper\">\n\n\t\t\t\t\t\n\t\t\t\t\t\n\t\t\t\t\t<div class=\"gsb-book-info\">\n\n\t\t\t\t\t\t\n\t\t\t\t\t<\/div>\n\n\t\t\t\t<\/div>\n\n\t\t\t<\/div>\n\n\t\t\t\n\t\t<\/div>\n\n\n\t\t<div class=\"gs-col-lg-2_4 gs-col-md-4 gs-col-sm-6 gs-col-xs-12\">\n\n\t\t\t<div class=\"single-bookshowcase\">\n\n\t\t\t\t<div class=\"gsb-cover-wrapper\">\n\t\t\t\t\t<a class=\"\" href=\"https:\/\/zwwa.de\/de\/buchers\/liebe-ist-gluckseligkeit-1\/\"><div class=\"gsbooks--book-thumb\"><img loading=\"lazy\" decoding=\"async\" width=\"750\" height=\"1200\" src=\"https:\/\/zwwa.de\/wp-content\/uploads\/2026\/02\/1817LiebeistGluckseligkeit-750x1200.jpg\" class=\"gs_book--image skip-lazy\" alt=\"LIEBE IST GL\u00dcCKSELIGKEIT 1\" itemprop=\"image\" srcset=\"https:\/\/zwwa.de\/wp-content\/uploads\/2026\/02\/1817LiebeistGluckseligkeit-750x1200.jpg 750w, https:\/\/zwwa.de\/wp-content\/uploads\/2026\/02\/1817LiebeistGluckseligkeit-313x500.jpg 313w, https:\/\/zwwa.de\/wp-content\/uploads\/2026\/02\/1817LiebeistGluckseligkeit-188x300.jpg 188w, https:\/\/zwwa.de\/wp-content\/uploads\/2026\/02\/1817LiebeistGluckseligkeit-768x1229.jpg 768w, https:\/\/zwwa.de\/wp-content\/uploads\/2026\/02\/1817LiebeistGluckseligkeit-47x75.jpg 47w, https:\/\/zwwa.de\/wp-content\/uploads\/2026\/02\/1817LiebeistGluckseligkeit-480x768.jpg 480w, https:\/\/zwwa.de\/wp-content\/uploads\/2026\/02\/1817LiebeistGluckseligkeit.jpg 800w\" sizes=\"auto, (max-width:767px) 480px, 750px\" \/><\/div><\/a>\t\t\t\t<\/div>\n\n\t\t\t\t<div class=\"gsb-book-info-wrapper\">\n\n\t\t\t\t\t\n\t\t\t\t\t\n\t\t\t\t\t<div class=\"gsb-book-info\">\n\n\t\t\t\t\t\t\n\t\t\t\t\t<\/div>\n\n\t\t\t\t<\/div>\n\n\t\t\t<\/div>\n\n\t\t\t\n\t\t<\/div>\n\n\n\t\t<div class=\"gs-col-lg-2_4 gs-col-md-4 gs-col-sm-6 gs-col-xs-12\">\n\n\t\t\t<div class=\"single-bookshowcase\">\n\n\t\t\t\t<div class=\"gsb-cover-wrapper\">\n\t\t\t\t\t<a class=\"\" href=\"https:\/\/zwwa.de\/de\/buchers\/das-passwort-des-korans-ahzab-40\/\"><div class=\"gsbooks--book-thumb\"><img loading=\"lazy\" decoding=\"async\" width=\"750\" height=\"1200\" src=\"https:\/\/zwwa.de\/wp-content\/uploads\/2026\/02\/1816AHZAB-40-3D-Almanca-min-750x1200.jpg\" class=\"gs_book--image skip-lazy\" alt=\"DAS PASSWORT DES KORANS AHZAB 40\" itemprop=\"image\" srcset=\"https:\/\/zwwa.de\/wp-content\/uploads\/2026\/02\/1816AHZAB-40-3D-Almanca-min-750x1200.jpg 750w, https:\/\/zwwa.de\/wp-content\/uploads\/2026\/02\/1816AHZAB-40-3D-Almanca-min-313x500.jpg 313w, https:\/\/zwwa.de\/wp-content\/uploads\/2026\/02\/1816AHZAB-40-3D-Almanca-min-188x300.jpg 188w, https:\/\/zwwa.de\/wp-content\/uploads\/2026\/02\/1816AHZAB-40-3D-Almanca-min-768x1229.jpg 768w, https:\/\/zwwa.de\/wp-content\/uploads\/2026\/02\/1816AHZAB-40-3D-Almanca-min-47x75.jpg 47w, https:\/\/zwwa.de\/wp-content\/uploads\/2026\/02\/1816AHZAB-40-3D-Almanca-min-480x768.jpg 480w, https:\/\/zwwa.de\/wp-content\/uploads\/2026\/02\/1816AHZAB-40-3D-Almanca-min.jpg 800w\" sizes=\"auto, (max-width:767px) 480px, 750px\" \/><\/div><\/a>\t\t\t\t<\/div>\n\n\t\t\t\t<div class=\"gsb-book-info-wrapper\">\n\n\t\t\t\t\t\n\t\t\t\t\t\n\t\t\t\t\t<div class=\"gsb-book-info\">\n\n\t\t\t\t\t\t\n\t\t\t\t\t<\/div>\n\n\t\t\t\t<\/div>\n\n\t\t\t<\/div>\n\n\t\t\t\n\t\t<\/div>\n\n\t\t\t\t<\/div>\n\n\t\t\t\t\t\t\t<\/div>\n\t\t<\/div>\n\t\t<style>#gs_book_area_1 .gsb-title h3{--gsb-title-font-weight:bold}#gs_book_area_1 .gsb-title h3{font-style:normal}#gs_book_area_1 .gsb-book-info p{--gsb-info-font-size:17}#gs_book_area_1 .gsb-desc p{text-align:center}<\/style>[\/vc_column][\/vc_row][vc_row full_width=&#8220;stretch_row&#8220; css=&#8220;.vc_custom_1773086470886{background-color: #FFFFFF !important;border-radius: 1px !important;border-color: #2A2A2A !important;}&#8220;][vc_column][vc_custom_heading text=&#8220;Konferenzen&#8220; font_container=&#8220;tag:h3|text_align:center|line_height:3&#8243; use_theme_fonts=&#8220;yes&#8220; css=&#8220;&#8220;][vc_basic_grid post_type=&#8220;post&#8220; max_items=&#8220;4&#8243; element_width=&#8220;3&#8243; item=&#8220;677&#8243; initial_loading_animation=&#8220;none&#8220; css=&#8220;&#8220; grid_id=&#8220;vc_gid:1775386420568-2d0614be-e6ea-4&#8243; taxonomies=&#8220;36&#8243;][\/vc_column][\/vc_row]<\/p>\n<\/div>","protected":false},"excerpt":{"rendered":"<p>[vc_row][vc_column][vc_empty_space height=&#8220;12px&#8220;][\/vc_column][\/vc_row][vc_row][vc_column][vc_row_inner][vc_column_inner][vc_column_text css=&#8220;&#8220;] Willkommen bei ZWWA e.V. F\u00fcr Frieden, W\u00fcrde und Begegnung auf Augenh\u00f6he In einer Zeit, die nach Orientierung, Zusammenhalt und Frieden verlangt, m\u00f6chten wir<span class=\"excerpt-hellip\"> [\u2026]<\/span><\/p>\n","protected":false},"author":1,"featured_media":-1,"parent":0,"menu_order":0,"comment_status":"open","ping_status":"closed","template":"","meta":{"footnotes":""},"class_list":["post-9","page","type-page","status-publish","has-post-thumbnail","hentry"],"_links":{"self":[{"href":"https:\/\/zwwa.de\/de\/wp-json\/wp\/v2\/pages\/9","targetHints":{"allow":["GET"]}}],"collection":[{"href":"https:\/\/zwwa.de\/de\/wp-json\/wp\/v2\/pages"}],"about":[{"href":"https:\/\/zwwa.de\/de\/wp-json\/wp\/v2\/types\/page"}],"author":[{"embeddable":true,"href":"https:\/\/zwwa.de\/de\/wp-json\/wp\/v2\/users\/1"}],"replies":[{"embeddable":true,"href":"https:\/\/zwwa.de\/de\/wp-json\/wp\/v2\/comments?post=9"}],"version-history":[{"count":87,"href":"https:\/\/zwwa.de\/de\/wp-json\/wp\/v2\/pages\/9\/revisions"}],"predecessor-version":[{"id":843,"href":"https:\/\/zwwa.de\/de\/wp-json\/wp\/v2\/pages\/9\/revisions\/843"}],"wp:featuredmedia":[{"embeddable":true,"href":"https:\/\/zwwa.de\/de\/wp-json\/"}],"wp:attachment":[{"href":"https:\/\/zwwa.de\/de\/wp-json\/wp\/v2\/media?parent=9"}],"curies":[{"name":"wp","href":"https:\/\/api.w.org\/{rel}","templated":true}]}}